{"id":514,"date":"2021-06-04T08:06:04","date_gmt":"2021-06-04T08:06:04","guid":{"rendered":"https:\/\/guericom.com\/?page_id=514"},"modified":"2021-06-04T08:08:01","modified_gmt":"2021-06-04T08:08:01","slug":"politika-zasebnosti","status":"publish","type":"page","link":"https:\/\/guericom.com\/sl\/politika-zasebnosti\/","title":{"rendered":"Politika zasebnosti"},"content":{"rendered":"\n<p>Politika varstva osebnih podatkov je dokument, v katerem najdete vse informacije o obdelavi osebnih podatkov, ki jo izvajamo v podjetju Guericom d.o.o. (v nadaljevanju Guericom). Ta dokument podaja informacije o vrstah osebnih podatkov, namenih obdelave, pravni podlagi, posredovanju osebnih podatkov in ukrepih za varstvo osebnih podatkov. V tem dokumentu najdete tudi opis svojih pravic, ki jih imate v zvezi z obdelavo osebnih podatkov, ki poteka pri Inteko.<\/p>\n\n\n\n<p>Zagotavljamo vam, da bomo va\u0161e osebne podatke, pridobljene preko na\u0161ih spletnih strani in pri poslovanju z vami, zbirali, obdelovali, varovali in hranili skladno z veljavno evropsko zakonodajo (Splo\u0161na uredba o varstvu osebnih podatkov) in nacionalno zakonodajo Republike Slovenije (vsakokrat veljavni Zakon o varstvu osebnih podatkov, Zakon o elektronskih komunikacijah, &#8230;) ter dolo\u010dili te Politike varstva osebnih podatkov.<\/p>\n\n\n\n<p><strong>Osnovni pojmi:<\/strong><\/p>\n\n\n\n<p><strong>Osebni podatki<\/strong> pomenijo katerokoli informacijo, na podlagi katere je mogo\u010de posameznika dolo\u010diti (sem spadajo npr. ime, priimek, e-naslov, telefonska \u0161tevilka ipd.)<\/p>\n\n\n\n<p><strong>Upravljavec<\/strong> pomeni pravno osebo, ki dolo\u010da namene in sredstva obdelave va\u0161ih osebnih podatkov.<\/p>\n\n\n\n<p><strong>Obdelovalec<\/strong> pomeni pravno ali fizi\u010dno osebo, ki obdeluje osebne podatke v imenu upravljavca.<\/p>\n\n\n\n<p><strong>Obdelava<\/strong> pomeni zbiranje, hrambo, dostop in vse druge oblike uporabe osebnih podatkov.<\/p>\n\n\n\n<p><strong>1. Upravljavec osebnih podatkov in poobla\u0161\u010dena oseba za varstvo podatkov<\/strong><\/p>\n\n\n\n<p>Guericom je upravljavec va\u0161ih osebnih podatkov, kar pomeni, da smo odgovorni za zakonito in po\u0161teno obdelavo, ki vam jo tudi zagotavljamo.<\/p>\n\n\n\n<p>Podatki o upravljavcu osebnih podatkov:<\/p>\n\n\n\n<p>GUERICOM, poslovno svetovanje d.o.o.<\/p>\n\n\n\n<p>Lahomno 9<\/p>\n\n\n\n<p>3270 La\u0161ko<\/p>\n\n\n\n<p>e-po\u0161ta: info@guericom.com<\/p>\n\n\n\n<p>tel. \u0161t.: 041 560 468<\/p>\n\n\n\n<p><strong>2. Informacije o posameznikih, za katere velja ta politika<\/strong><\/p>\n\n\n\n<p>Ta politika zasebnosti velja za naslednje kategorije posameznikov:<\/p>\n\n\n\n<p>na\u0161i kupci,<\/p>\n\n\n\n<p>uporabniki na\u0161e spletne strani (<a href=\"https:\/\/guericom.si\/\">https:\/\/guericom.com\/sl\/<\/a>)<\/p>\n\n\n\n<p><strong>3. Informacije o osebnih podatkih, ki jih obdelujemo<\/strong><\/p>\n\n\n\n<p>Guericom je upravljavec spletnega mesta <a href=\"https:\/\/guericom.com\/sl\/\">https:\/\/guericom.com\/sl\/<\/a>, ki omogo\u010da svetovanje na podro\u010dju ecommerca (v nadaljevanju: spletno mesto). Skladno z nameni opredeljenimi v nadaljevanju te politike Inteko zbira naslednje osebne podatke:<\/p>\n\n\n\n<p>&#8211; osnovni podatki o uporabniku (ime in priimek, naslov prebivali\u0161\u010da;<\/p>\n\n\n\n<p>&#8211; kontaktni podatki in podatki o va\u0161i komunikaciji z Guericom (elektronski naslov, telefonska \u0161tevilka, datum, ura, vsebina po\u0161tne ali elektronske komunikacije, datum, ura, trajanje telefonskih klicev, posnetek telefonskih klicev);<\/p>\n\n\n\n<p>&#8211; podatki o uporabnikovi uporabi spletnega mesta (datum in ure obiskov spletnega mesta, obiskane strani, \u010das zadr\u017eevanja na posamezni strani, \u0161tevilo obiskanih strani, skupni \u010das obiska spletnega mesta, opravljene nastavitve na spletnem mestu) ter podatki o uporabi (odpiranju, branju) prejetih sporo\u010dil (e-po\u0161ta, SMS) upravljavca;<\/p>\n\n\n\n<p>&#8211; drugi podatki, ki jih uporabnik prostovoljno poda Guericomu ob podani zahtevi za dolo\u010dene storitve, kolikor so ti podatki potrebni za izvajanje storitve.<\/p>\n\n\n\n<p>Ponudnik ne zbira in ne obdeluje va\u0161ih osebnih podatkov, razen kadar mu vi to omogo\u010dite ali v to privolite, npr. preko uporabe spletne strani, ko se naro\u010dite na prejemanje e-revije, sodelujete v nagradni igri, itd. Guericom va\u0161e podatke obdeluje tudi, kadar za zbiranje osebnih podatkov obstaja zakonska podlaga, pogodbena podlaga ali kadar ima Inteko za obdelavo zakonit interes.<\/p>\n\n\n\n<p>Va\u0161e osebne podatke, pridobimo neposredno od vas, s povpra\u0161evanjem, ipd. Osebne podatke pa pridobimo tudi posredno, preko va\u0161e uporabe na\u0161e spletne strani. V tem primeru gre za informacije, ki jih pridobimo preko pi\u0161kotkov in pi\u0161kotkom podobnih tehnologij. Tudi te informacije pridobimo zgolj, kadar imamo ustrezno pravno podlago in za namene, ki so podrobneje opredeljeni v tabeli spodaj. Ve\u010d o tem, katere pi\u0161kotke uporabljamo, pa najdete v na\u0161i politiki uporabe pi\u0161kotkov.<\/p>\n\n\n\n<p>Posredovanje osebnih podatkov ni obvezno, razen kadar posredovanje osebnih podatkov zahteva zakonodaja. V kolikor se odlo\u010dite, da nam osebnih podatkov ne boste posredovali, obstaja mo\u017enost, da vam dolo\u010denih storitev ne bomo mogli nuditi.<\/p>\n\n\n\n<p><strong>4. Informacije o obdelavi osebnih podatkov<\/strong><\/p>\n\n\n\n<p>Obdelava osebnih podatkov pri nas poteka zgolj na podlagi vnaprej dolo\u010denih, zakonitih namenov. Va\u0161ih osebnih podatkov ne obdelujemo izven teh namenov, v kolikor pa bi se pojavila potreba po obdelavi osebnih podatkov za dodatni namen, vas bomo o tem pravo\u010dasno in predhodno obvestili.<\/p>\n\n\n\n<p>Obdelava osebnih podatkov v na\u0161em podjetju vedno poteka na ustrezni pravni podlagi. Osebne podatke lahko obdelujemo na naslednjih pravnih podlagah:<\/p>\n\n\n\n<p>&#8211; <strong>Obdelava na podlagi pogodbe<\/strong>: Va\u0161e osebne podatke obdelujemo, kadar je to potrebno za sklenitev, izvajanje in izpolnitev pogodbenih obveznosti. Posredovanje osebnih podatkov je v tem primeru prostovoljno. V primeru, da osebnih podatkov ne zagotovite, z upravljavcem ne morete skleniti pogodbe, prav tako vam upravljavec ne more zagotoviti dobave izdelkov.<\/p>\n\n\n\n<p>&#8211; <strong>Obdelava na podlagi podane privolitve<\/strong>: Va\u0161e podatke obdelujemo, kadar v to izrecno privolite. Kadar bo obdelava potekala na podlagi privolitve, bomo predhodno poskrbeli, da vam bodo na voljo vse informacije, ki jih potrebujete za svojo odlo\u010ditev. Svojo privolitev lahko kadarkoli prekli\u010dete. V kolikor privolitev prekli\u010dete, vam Guericom nekaterih storitev morda ne bo mogel zagotavljati.<\/p>\n\n\n\n<p>&#8211; <strong>Obdelava na podlagi zakonitega interesa<\/strong>: na podlagi na\u0161ih zakonitih interesov obdelujemo osebne podatke le, kadar zakoniti interes, ki ga zasledujemo, prevlada nad pravico do zasebnosti posameznika. V primeru uporabe zakonitega interesa upravljavec vedno opravi presojo skladno s Splo\u0161no uredbo o varstvu osebnih podatkov. V primeru obdelave na podlagi zakonitega interesa ima uporabnik pravico do ugovora.<\/p>\n\n\n\n<p>&#8211;<strong> Obdelava na podlagi zakona<\/strong>: v posameznih primerih nam obdelavo osebnih podatkov nalaga zakon (npr. hramba ra\u010dunov 10 let po izdaji ra\u010duna, ki jo nalaga dav\u010dna zakonodaja). Te podatke obdelujemo skladno z zahtevami zakonodaje.<\/p>\n\n\n\n<p><strong>5. Posredovanje va\u0161ih osebnih podatkov<\/strong><\/p>\n\n\n\n<p>Va\u0161e osebne podatke posredujemo tretjim osebam, kadar je to potrebno, da dose\u017eemo namen obdelave osebnih podatkov. Z vsako tretjo osebo, ki za nas obdeluje va\u0161e osebne podatke, smo sklenili lo\u010deno pogodbeno razmerje, ki opredeljuje obdelavo osebnih podatkov. Prav tako so tretje osebe zavezane k spo\u0161tovanju zaupnosti osebnih podatkov in nimajo pravice va\u0161ih osebnih podatkov obdelovati za kakr\u0161nekoli namene izven pogodbenega razmerja z nami, niti jih posredovati tretjim nepoobla\u0161\u010denim osebam.<\/p>\n\n\n\n<p>Osebne podatke bomo posredovali naslednjim kategorijam uporabnikov:<\/p>\n\n\n\n<p>&#8211; ponudniki obdelave podatkov in analitike;<\/p>\n\n\n\n<p>&#8211; vzdr\u017eevalci IT sistemov (npr. Spletna postaja);<\/p>\n\n\n\n<p>&#8211; ponudniki po\u0161iljanja e-po\u0161tnih sporo\u010dil (npr. Mailchimp in drugi);<\/p>\n\n\n\n<p>&#8211; dr\u017eavni organi, kadar to od nas zahteva zakonodaja.<\/p>\n\n\n\n<p><strong>7. Varnost va\u0161ih osebnih podatkov<\/strong><\/p>\n\n\n\n<p>Izvajamo ustrezno varovanje vseh osebnih podatkov, ki jih obdelujemo. Va\u0161i podatki so ves \u010das za\u0161\u010diteni pred izgubo, uni\u010denjem, nepoobla\u0161\u010denim spreminjanjem in neavtoriziranim dostopom. Za zagotovitev ustrezne varnosti uporabljamo razli\u010dne tehni\u010dne in organizacijske ukrepe, ki vklju\u010dujejo:<\/p>\n\n\n\n<p>&#8211; omejen dostop do osebnih podatkov,<\/p>\n\n\n\n<p>&#8211; varovanje strojne in programske opreme, kjer so shranjeni osebni podatki,<\/p>\n\n\n\n<p>&#8211; varovanje poslovnih prostorov, kjer se shranjujejo osebni podatki in<\/p>\n\n\n\n<p>&#8211; izobra\u017eevanje zaposlenih na temo varstva osebnih podatkov.<\/p>\n\n\n\n<p>Skrb za va\u0161e osebne podatke nam je pomembna, zato varnostne ukrepe izvajamo skladno z zmo\u017enosti tehnologije, kot tudi na\u0161imi zmo\u017enostmi.<\/p>\n\n\n\n<p><strong>8. Va\u0161e pravice<\/strong><\/p>\n\n\n\n<p>\u010ce imate kakr\u0161nakoli vpra\u0161anja v zvezi z na\u0161o politiko varovanja osebnih podatkov ali obdelavo va\u0161ih osebnih podatkov, se lahko kadarkoli obrnete na nas. Pi\u0161ite nam na info@guericom.com ali nas pokli\u010dite na tel. \u0161t. 041 560 468. Na podlagi va\u0161e zahteve vam bomo posredovali zahtevane podatke ali skladno z zakonsko ureditvijo poskrbeli za uresni\u010ditev va\u0161ih pravic.<\/p>\n\n\n\n<p>V zvezi z obdelavo osebnih podatkov imate dolo\u010dene pravice, ki jih podrobneje opredeljujemo spodaj:<\/p>\n\n\n\n<p>&#8211; <strong>Pravica do dostopa in izpisa osebnih podatkov<\/strong>: pravico imate zahtevati informacijo o tem ali obdelujemo va\u0161e osebne podatke ter informacijo o obdelavi (vrste osebnih podatkov, namen obdelave, pravna podlaga, obdobje hrambe, vir informacij). Prav tako lahko od nas zahtevate, da vam te podatke posredujemo v strukturirani, strojno berljivi obliki.<\/p>\n\n\n\n<p>&#8211; <strong>Pravica do popravka osebnih podatkov<\/strong>: v kolikor so osebni podatki, ki jih obdelujemo o vas, napa\u010dni oz. nepopolni, imate pravico zahtevati popravek osebnih podatkov.<\/p>\n\n\n\n<p>&#8211; <strong>Pravica do omejitve obdelave osebnih podatkov:<\/strong> zahtevate lahko, da omejimo obdelavo osebnih podatkov; omejitev osebnih podatkov je mogo\u010da le v dolo\u010denih primerih:<\/p>\n\n\n\n<p>a) \u010de oporekate to\u010dnosti podatkov za obdobje, ki Inteku omogo\u010da preveriti to\u010dnost osebnih podatkov;<\/p>\n\n\n\n<p>b) obdelava je nezakonita, vi pa nasprotujete izbrisu podatkov in namesto tega zahtevate omejitev njihove uporabe;<\/p>\n\n\n\n<p>c) Inteko podatkov ne potrebuje ve\u010d za namene obdelave, vendar pa jih vi potrebujete za uveljavljanje, izvajanje in obrambo pravnih zahtevkov;<\/p>\n\n\n\n<p>d) ste vlo\u017eili ugovor v zvezi z obdelavo, dokler se ne preveri, ali zakoniti razlogi Inteka prevladajo nad va\u0161imi razlogi;<\/p>\n\n\n\n<p>Pravica do ugovora obdelavi osebnih podatkov: kadar va\u0161e osebne podatke obdelujemo na podlagi zakonitega interesa, imate na podlagi razlogov, povezanih z va\u0161im posebnim polo\u017eajem, pravico, da kadarkoli ugovarjate obdelavi svojih osebnih podatkov. V takem primeru bomo nadaljevali z obdelavo va\u0161ih osebnih podatkov le v primeru, \u010de bomo dokazali nujne legitimne razloge za obdelavo, ki bodo prevladali nad va\u0161imi interesi, pravicami, in svobo\u0161\u010dinami, ali za uveljavljanje, izvajanje ali obrambo pravnih zahtevkov.<\/p>\n\n\n\n<p>&#8211; <strong>Pravica do izbrisa osebnih podatkov<\/strong>: od Inteka lahko zahtevate, da brez nepotrebnega odla\u0161anja izbri\u0161e va\u0161e osebne podatke, Inteko pa mora podatke izbrisati, kadar obstaja eden od naslednjih razlogov:<\/p>\n\n\n\n<p>a) podatki niso ve\u010d potrebni v namene, za katere so bili zbrani oz. druga\u010de obdelani,<\/p>\n\n\n\n<p>b) \u010de prekli\u010dete privolitev, za obdelavo pa ne obstaja druga pravna podlaga,<\/p>\n\n\n\n<p>c) \u010de ugovarjate obdelavi, za obdelavo pa ne obstajajo prevladujo\u010di zakoniti razlogi,<\/p>\n\n\n\n<p>d) podatki so bili obdelani nezakonito,<\/p>\n\n\n\n<p>e) podatke je treba izbrisati za izpolnitev pravnih obveznosti v skladu s pravom EU ali pravom dr\u017eave \u010dlanice, ki velja za Guericom,<\/p>\n\n\n\n<p>f) podatki so bili zbrani v zvezi s ponudbo storitev informacijske dru\u017ebe.<\/p>\n\n\n\n<p>&#8211; V dolo\u010denih primerih, opisanih v 3. odstavku 17. \u010dlena Splo\u0161ne uredbe o varstvu osebnih podatkov pa nimate pravice do izbrisa podatkov.<\/p>\n\n\n\n<p>&#8211; <strong>Pravica do preklica privolitve<\/strong>: pravico imate preklicati privolitev za obdelavo osebnih podatkov, ki ste nam jo podali. Privolitev lahko prekli\u010dete kadarkoli, brez kakr\u0161nihkoli negativnih posledic za vas, mo\u017eno pa je, da vam zaradi preklica privolitve dolo\u010denih storitev ne bomo mogli nuditi. Privolitev prekli\u010dete tako, da nas kontaktirate na: info@guericom.com.<\/p>\n\n\n\n<p>&#8211; <strong>Pravica do prenosljivosti podatkov:<\/strong> pravico imate zahtevati prejem izpisa osebnih podatkov, ki ste nam jih posredovali, v strukturirani in strojno berljivi obliki in zahtevati, da jih posredujemo drugemu upravljavcu po va\u0161i izbiri, in sicer kadar obdelava temelji na privolitvi ali na pogodbi in \u010de se obdelava izvaja z avtomatiziranimi sredstvi.<\/p>\n\n\n\n<p>Svoje pravice lahko uveljavljate tako, da nas kontaktirate na: info@guericom.com.<\/p>\n\n\n\n<p>Pri obravnavi zahtevka za uveljavitev katere od zgoraj na\u0161tetih pravic, vas lahko prosimo za dodatne osebne podatke, v kolikor vas na podlagi va\u0161ega zahtevka ne moremo zanesljivo identificirati. V primeru, da nam dodatnih podatkov ne boste posredovali, bomo va\u0161o zahtevo zavrgli.<\/p>\n\n\n\n<p>V kolikor ste mnenja, da je pri\u0161lo do kr\u0161itve obdelave osebnih podatkov, imate pravico vlo\u017eiti prito\u017ebo pri Informacijskem poobla\u0161\u010dencu, Dunajska cesta 22, 1000 Ljubljana, gp.ip@ip-rs.si.<\/p>\n\n\n\n<p><strong>9. Pi\u0161kotki<\/strong><\/p>\n\n\n\n<p>Na\u0161a spletna stran uporablja pi\u0161kotke.  V skladu z GDPR je vsak uporabnik upravi\u010den do naslednjega:<\/p>\n\n\n\n<p>Pravica do dostopa \u2013 Imate pravico zahtevati kopije va\u0161ih osebnih podatkov.<\/p>\n\n\n\n<p>Pravica do popravka \u2013 Imate pravico zahtevati, da popravimo vse informacije, za katero menijo, da so neto\u010dne. Prav tako imate pravico zahtevati, da izpolnite informacije, za ki menijo, da so nepopolne.<\/p>\n\n\n\n<p>Pravica do izbrisa \u2013 Pod dolo\u010denimi pogoji imate pravico zahtevati, da izbri\u0161emo va\u0161e osebne podatke.<\/p>\n\n\n\n<p>Pravica do omejitve obdelave \u2013 Imate pravico zahtevati, da pod dolo\u010denimi pogoji omejimo obdelavo va\u0161ih osebnih podatkov.<\/p>\n\n\n\n<p>Pravica do ugovora obdelavi \u2013 Pod dolo\u010denimi pogoji imate pravico ugovarjati na\u0161i obdelavi va\u0161ih osebnih podatkov.<\/p>\n\n\n\n<p>Pravica do prenosljivosti podatkov \u2013 Imate pravico zahtevati, da podatke, ki smo jih zbrali, prenesemo na drugo organizacijo ali neposredno na vas pod dolo\u010denimi pogoji.<\/p>\n\n\n\n<p><strong>10. Spremembe politike<\/strong><\/p>\n\n\n\n<p>To politiko zasebnosti lahko kadarkoli spremenimo. Najnovej\u0161a verzija politike vam bo vedno na voljo na na\u0161i spletni strani.<\/p>\n\n\n\n<p>Posodobljeno dne:1.6.2021<\/p>\n","protected":false},"excerpt":{"rendered":"<p>Politika varstva osebnih podatkov je dokument, v katerem najdete vse informacije o obdelavi osebnih podatkov, ki jo izvajamo v podjetju Guericom d.o.o. (v nadaljevanju Guericom). Ta dokument podaja informacije o vrstah osebnih podatkov, namenih obdelave, pravni podlagi, posredovanju osebnih podatkov in ukrepih za varstvo osebnih podatkov. V tem dokumentu najdete tudi opis svojih pravic, ki [&hellip;]<\/p>\n","protected":false},"author":2,"featured_media":0,"parent":0,"menu_order":0,"comment_status":"closed","ping_status":"open","template":"","meta":[],"_links":{"self":[{"href":"https:\/\/guericom.com\/sl\/wp-json\/wp\/v2\/pages\/514"}],"collection":[{"href":"https:\/\/guericom.com\/sl\/wp-json\/wp\/v2\/pages"}],"about":[{"href":"https:\/\/guericom.com\/sl\/wp-json\/wp\/v2\/types\/page"}],"author":[{"embeddable":true,"href":"https:\/\/guericom.com\/sl\/wp-json\/wp\/v2\/users\/2"}],"replies":[{"embeddable":true,"href":"https:\/\/guericom.com\/sl\/wp-json\/wp\/v2\/comments?post=514"}],"version-history":[{"count":5,"href":"https:\/\/guericom.com\/sl\/wp-json\/wp\/v2\/pages\/514\/revisions"}],"predecessor-version":[{"id":530,"href":"https:\/\/guericom.com\/sl\/wp-json\/wp\/v2\/pages\/514\/revisions\/530"}],"wp:attachment":[{"href":"https:\/\/guericom.com\/sl\/wp-json\/wp\/v2\/media?parent=514"}],"curies":[{"name":"wp","href":"https:\/\/api.w.org\/{rel}","templated":true}]}}