{"id":452,"date":"2021-05-31T10:21:34","date_gmt":"2021-05-31T10:21:34","guid":{"rendered":"https:\/\/guericom.com\/?page_id=452"},"modified":"2021-06-02T05:31:47","modified_gmt":"2021-06-02T05:31:47","slug":"strokovni-pristop","status":"publish","type":"page","link":"https:\/\/guericom.com\/sl\/strokovni-pristop\/","title":{"rendered":"Strokovni pristop"},"content":{"rendered":"\t\t<div data-elementor-type=\"wp-page\" data-elementor-id=\"452\" class=\"elementor elementor-452\" data-elementor-settings=\"[]\">\n\t\t\t\t\t\t<div class=\"elementor-inner\">\n\t\t\t\t\t\t\t<div class=\"elementor-section-wrap\">\n\t\t\t\t\t\t\t<section class=\"elementor-section elementor-top-section elementor-element elementor-element-e38453f elementor-section-stretched elementor-section-boxed elementor-section-height-default elementor-section-height-default\" data-id=\"e38453f\" data-element_type=\"section\" data-settings=\"{&quot;background_background&quot;:&quot;classic&quot;,&quot;stretch_section&quot;:&quot;section-stretched&quot;,&quot;shape_divider_bottom&quot;:&quot;triangle&quot;,&quot;shape_divider_bottom_negative&quot;:&quot;yes&quot;}\">\n\t\t\t\t\t\t\t<div class=\"elementor-background-overlay\"><\/div>\n\t\t\t\t\t\t<div class=\"elementor-shape elementor-shape-bottom\" data-negative=\"true\">\n\t\t\t<svg xmlns=\"http:\/\/www.w3.org\/2000\/svg\" viewBox=\"0 0 1000 100\" preserveAspectRatio=\"none\">\n\t<path class=\"elementor-shape-fill\" d=\"M500.2,94.7L0,0v100h1000V0L500.2,94.7z\"\/>\n<\/svg>\t\t<\/div>\n\t\t\t\t\t<div class=\"elementor-container elementor-column-gap-default\">\n\t\t\t\t\t\t\t<div class=\"elementor-row\">\n\t\t\t\t\t<div class=\"elementor-column elementor-col-100 elementor-top-column elementor-element elementor-element-69071f69\" data-id=\"69071f69\" data-element_type=\"column\">\n\t\t\t<div class=\"elementor-column-wrap elementor-element-populated\">\n\t\t\t\t\t\t\t<div class=\"elementor-widget-wrap\">\n\t\t\t\t\t\t<div class=\"elementor-element elementor-element-1bfe7ae3 elementor-widget elementor-widget-heading\" data-id=\"1bfe7ae3\" data-element_type=\"widget\" data-widget_type=\"heading.default\">\n\t\t\t\t<div class=\"elementor-widget-container\">\n\t\t\t<h2 class=\"elementor-heading-title elementor-size-default\">Strokovni pristop<\/h2>\t\t<\/div>\n\t\t\t\t<\/div>\n\t\t\t\t<div class=\"elementor-element elementor-element-4f0e1243 elementor-widget-divider--view-line elementor-widget elementor-widget-divider\" data-id=\"4f0e1243\" data-element_type=\"widget\" data-widget_type=\"divider.default\">\n\t\t\t\t<div class=\"elementor-widget-container\">\n\t\t\t\t\t<div class=\"elementor-divider\">\n\t\t\t<span class=\"elementor-divider-separator\">\n\t\t\t\t\t\t<\/span>\n\t\t<\/div>\n\t\t\t\t<\/div>\n\t\t\t\t<\/div>\n\t\t\t\t\t\t<\/div>\n\t\t\t\t\t<\/div>\n\t\t<\/div>\n\t\t\t\t\t\t\t\t<\/div>\n\t\t\t\t\t<\/div>\n\t\t<\/section>\n\t\t\t\t<section class=\"elementor-section elementor-top-section elementor-element elementor-element-551a811c elementor-section-boxed elementor-section-height-default elementor-section-height-default\" data-id=\"551a811c\" data-element_type=\"section\" data-settings=\"{&quot;background_background&quot;:&quot;classic&quot;}\">\n\t\t\t\t\t\t<div class=\"elementor-container elementor-column-gap-default\">\n\t\t\t\t\t\t\t<div class=\"elementor-row\">\n\t\t\t\t\t<div class=\"elementor-column elementor-col-100 elementor-top-column elementor-element elementor-element-71c55a67\" data-id=\"71c55a67\" data-element_type=\"column\" data-settings=\"{&quot;background_background&quot;:&quot;classic&quot;}\">\n\t\t\t<div class=\"elementor-column-wrap elementor-element-populated\">\n\t\t\t\t\t\t\t<div class=\"elementor-widget-wrap\">\n\t\t\t\t\t\t<div class=\"elementor-element elementor-element-4ab5201 elementor-widget elementor-widget-heading\" data-id=\"4ab5201\" data-element_type=\"widget\" data-widget_type=\"heading.default\">\n\t\t\t\t<div class=\"elementor-widget-container\">\n\t\t\t<h2 class=\"elementor-heading-title elementor-size-default\">Pomagali vam bomo dose\u010di cilje, ki nekaj veljajo.<\/h2>\t\t<\/div>\n\t\t\t\t<\/div>\n\t\t\t\t<div class=\"elementor-element elementor-element-73a16a5d elementor-widget elementor-widget-heading\" data-id=\"73a16a5d\" data-element_type=\"widget\" data-widget_type=\"heading.default\">\n\t\t\t\t<div class=\"elementor-widget-container\">\n\t\t\t<h3 class=\"elementor-heading-title elementor-size-default\">Nismo vsemogo\u010dni ampak vam bomo pomagali zmagati tam, kjer je to najbolj pomembno za vas in va\u0161e podjetje. <\/h3>\t\t<\/div>\n\t\t\t\t<\/div>\n\t\t\t\t<div class=\"elementor-element elementor-element-25e771ff elementor-widget elementor-widget-spacer\" data-id=\"25e771ff\" data-element_type=\"widget\" data-widget_type=\"spacer.default\">\n\t\t\t\t<div class=\"elementor-widget-container\">\n\t\t\t\t\t<div class=\"elementor-spacer\">\n\t\t\t<div class=\"elementor-spacer-inner\"><\/div>\n\t\t<\/div>\n\t\t\t\t<\/div>\n\t\t\t\t<\/div>\n\t\t\t\t<section class=\"elementor-section elementor-inner-section elementor-element elementor-element-004b3b7 elementor-section-boxed elementor-section-height-default elementor-section-height-default\" data-id=\"004b3b7\" data-element_type=\"section\">\n\t\t\t\t\t\t<div class=\"elementor-container elementor-column-gap-default\">\n\t\t\t\t\t\t\t<div class=\"elementor-row\">\n\t\t\t\t\t<div class=\"elementor-column elementor-col-50 elementor-inner-column elementor-element elementor-element-efda3f0\" data-id=\"efda3f0\" data-element_type=\"column\">\n\t\t\t<div class=\"elementor-column-wrap elementor-element-populated\">\n\t\t\t\t\t\t\t<div class=\"elementor-widget-wrap\">\n\t\t\t\t\t\t<div class=\"elementor-element elementor-element-e7c57f7 elementor-widget elementor-widget-heading\" data-id=\"e7c57f7\" data-element_type=\"widget\" data-widget_type=\"heading.default\">\n\t\t\t\t<div class=\"elementor-widget-container\">\n\t\t\t<h4 class=\"elementor-heading-title elementor-size-default\">Strategija<\/h4>\t\t<\/div>\n\t\t\t\t<\/div>\n\t\t\t\t<div class=\"elementor-element elementor-element-bff57a0 elementor-widget elementor-widget-text-editor\" data-id=\"bff57a0\" data-element_type=\"widget\" data-widget_type=\"text-editor.default\">\n\t\t\t\t<div class=\"elementor-widget-container\">\n\t\t\t\t\t\t\t\t<div class=\"elementor-text-editor elementor-clearfix\">\n\t\t\t\t\t<ul><li>Najbolj\u0161i poslovni modeli, ki bodo va\u0161e obstoje\u010de poslovanje pripeljali na splet, dosegli izjemno rast in postali vodilni na trgu,<\/li><li>Konkuren\u010dne strategije, ki vam bodo pomagale zmagati proti va\u0161i konkurenci, \u0161e posebaj tisti za katero mogo\u010de sploh ne veste,<\/li><li>Finan\u010dno modeliranje, ki ustreza va\u0161im finan\u010dnim zmo\u017enostim in je primero tako za kratkoro\u010dne, srednje in dolgoro\u010dne cilje,<\/li><li>Zagotovimo vam lahko tudi distribucijo in logistiko ter strategijsko podporo preko na\u0161ih partnerskih svetovalcev<\/li><\/ul>\t\t\t\t\t<\/div>\n\t\t\t\t\t\t<\/div>\n\t\t\t\t<\/div>\n\t\t\t\t\t\t<\/div>\n\t\t\t\t\t<\/div>\n\t\t<\/div>\n\t\t\t\t<div class=\"elementor-column elementor-col-50 elementor-inner-column elementor-element elementor-element-7ee06d3\" data-id=\"7ee06d3\" data-element_type=\"column\">\n\t\t\t<div class=\"elementor-column-wrap elementor-element-populated\">\n\t\t\t\t\t\t\t<div class=\"elementor-widget-wrap\">\n\t\t\t\t\t\t<div class=\"elementor-element elementor-element-afb6139 elementor-widget elementor-widget-heading\" data-id=\"afb6139\" data-element_type=\"widget\" data-widget_type=\"heading.default\">\n\t\t\t\t<div class=\"elementor-widget-container\">\n\t\t\t<h4 class=\"elementor-heading-title elementor-size-default\">Analitika<\/h4>\t\t<\/div>\n\t\t\t\t<\/div>\n\t\t\t\t<div class=\"elementor-element elementor-element-c598bf0 elementor-widget elementor-widget-text-editor\" data-id=\"c598bf0\" data-element_type=\"widget\" data-widget_type=\"text-editor.default\">\n\t\t\t\t<div class=\"elementor-widget-container\">\n\t\t\t\t\t\t\t\t<div class=\"elementor-text-editor elementor-clearfix\">\n\t\t\t\t\t<ul><li>Izvajanje analitike in optimizacije je temeljno organizacijsko na\u010delo v svetu e-commerca in \u0161e \u0161ir\u0161e,<\/li><li>Strate\u0161ko analiziranje za izbolj\u0161anje va\u0161ega e-commerca, vklju\u010dno z velikimi KPIji, pravimi modeli in \u0161e ve\u010d,\u00a0<\/li><li>Vplivni sistemi za poro\u010danje, ki bodo zagotavljali upravljanje in nadzor, mened\u017ement z vpogledi v takoj\u0161no in nenehno proaktivnost in front-linerji z neprekinjenimi operativnimi podatki za optimizacijo va\u0161ega e-commerce modela,<\/li><li>Poglobljena analitika uspe\u0161nosti, ko jo potrebujete, za prepoznavanje kaj je gonilno sredstvo va\u0161ega e-commerca in kje bi se lahko \u0161e izoblj\u0161ali ter kako se izbolj\u0161ati<\/li><\/ul>\t\t\t\t\t<\/div>\n\t\t\t\t\t\t<\/div>\n\t\t\t\t<\/div>\n\t\t\t\t\t\t<\/div>\n\t\t\t\t\t<\/div>\n\t\t<\/div>\n\t\t\t\t\t\t\t\t<\/div>\n\t\t\t\t\t<\/div>\n\t\t<\/section>\n\t\t\t\t<section class=\"elementor-section elementor-inner-section elementor-element elementor-element-5d90325 elementor-section-boxed elementor-section-height-default elementor-section-height-default\" data-id=\"5d90325\" data-element_type=\"section\">\n\t\t\t\t\t\t<div class=\"elementor-container elementor-column-gap-default\">\n\t\t\t\t\t\t\t<div class=\"elementor-row\">\n\t\t\t\t\t<div class=\"elementor-column elementor-col-50 elementor-inner-column elementor-element elementor-element-2974d9d\" data-id=\"2974d9d\" data-element_type=\"column\">\n\t\t\t<div class=\"elementor-column-wrap elementor-element-populated\">\n\t\t\t\t\t\t\t<div class=\"elementor-widget-wrap\">\n\t\t\t\t\t\t<div class=\"elementor-element elementor-element-17a9aec elementor-widget elementor-widget-heading\" data-id=\"17a9aec\" data-element_type=\"widget\" data-widget_type=\"heading.default\">\n\t\t\t\t<div class=\"elementor-widget-container\">\n\t\t\t<h4 class=\"elementor-heading-title elementor-size-default\">Rast<\/h4>\t\t<\/div>\n\t\t\t\t<\/div>\n\t\t\t\t<div class=\"elementor-element elementor-element-c816cfe elementor-widget elementor-widget-text-editor\" data-id=\"c816cfe\" data-element_type=\"widget\" data-widget_type=\"text-editor.default\">\n\t\t\t\t<div class=\"elementor-widget-container\">\n\t\t\t\t\t\t\t\t<div class=\"elementor-text-editor elementor-clearfix\">\n\t\t\t\t\t<ul><li>Strategije, usmerjenje v rast za razli\u010dne spletne kanale,<\/li><li>Strate\u0161ke pobude za rast na razli\u010dnih spletnih kanalih in druga sredstva, kot so razvoj nove blagovne znamke, raziskava trga in ciljne publike,<\/li><li>Opredelitev najbolj\u0161ih modelov za rast na podlagi va\u0161e dejavnosti, konkurence, notranjih virov in finan\u010dnih sredstev,<\/li><li>Dejansko vodenje in upravljanje spletne kampanje za izbrane partnerje, ki jih izvr\u0161ijo na\u0161i partnerski svetovalci<\/li><\/ul>\t\t\t\t\t<\/div>\n\t\t\t\t\t\t<\/div>\n\t\t\t\t<\/div>\n\t\t\t\t\t\t<\/div>\n\t\t\t\t\t<\/div>\n\t\t<\/div>\n\t\t\t\t<div class=\"elementor-column elementor-col-50 elementor-inner-column elementor-element elementor-element-c533fe3\" data-id=\"c533fe3\" data-element_type=\"column\">\n\t\t\t<div class=\"elementor-column-wrap elementor-element-populated\">\n\t\t\t\t\t\t\t<div class=\"elementor-widget-wrap\">\n\t\t\t\t\t\t<div class=\"elementor-element elementor-element-89b1010 elementor-widget elementor-widget-heading\" data-id=\"89b1010\" data-element_type=\"widget\" data-widget_type=\"heading.default\">\n\t\t\t\t<div class=\"elementor-widget-container\">\n\t\t\t<h4 class=\"elementor-heading-title elementor-size-default\">Vodenje<\/h4>\t\t<\/div>\n\t\t\t\t<\/div>\n\t\t\t\t<div class=\"elementor-element elementor-element-5557283 elementor-widget elementor-widget-text-editor\" data-id=\"5557283\" data-element_type=\"widget\" data-widget_type=\"text-editor.default\">\n\t\t\t\t<div class=\"elementor-widget-container\">\n\t\t\t\t\t\t\t\t<div class=\"elementor-text-editor elementor-clearfix\">\n\t\t\t\t\t<ul><li>Vzpostavimo ravno pravi organizacijski model na ravno pravi razvojni stopnji za va\u0161 e-commerce, ki vam bo pomagal zrasti na vi\u0161jo raven,<\/li><li>Visokokakovostni postopki za upravljanje va\u0161ega e-commerce modela, da boste od svoje ekipe, iz dneva v dan dobili najve\u010d,<\/li><li>U\u010dinkovita kultura ekipe, vklju\u010dno s tem, kako uspe\u0161no vzpostaviti ekipo za e-commerce znotraj organizacije,<\/li><li>Nagrajevalni sistemi za zagotavljanje najve\u010dje motivacije za va\u0161o ekipo in najve\u010dji dobi\u010dek va\u0161emu podjetju,<\/li><li>Kje poiskate prave ljudi in kako jih zaposliti<\/li><\/ul>\t\t\t\t\t<\/div>\n\t\t\t\t\t\t<\/div>\n\t\t\t\t<\/div>\n\t\t\t\t\t\t<\/div>\n\t\t\t\t\t<\/div>\n\t\t<\/div>\n\t\t\t\t\t\t\t\t<\/div>\n\t\t\t\t\t<\/div>\n\t\t<\/section>\n\t\t\t\t\t\t<\/div>\n\t\t\t\t\t<\/div>\n\t\t<\/div>\n\t\t\t\t\t\t\t\t<\/div>\n\t\t\t\t\t<\/div>\n\t\t<\/section>\n\t\t\t\t<section class=\"elementor-section elementor-top-section elementor-element elementor-element-6138e9ee elementor-section-stretched elementor-section-boxed elementor-section-height-default elementor-section-height-default\" data-id=\"6138e9ee\" data-element_type=\"section\" data-settings=\"{&quot;stretch_section&quot;:&quot;section-stretched&quot;}\">\n\t\t\t\t\t\t<div class=\"elementor-container elementor-column-gap-default\">\n\t\t\t\t\t\t\t<div class=\"elementor-row\">\n\t\t\t\t\t<div class=\"elementor-column elementor-col-100 elementor-top-column elementor-element elementor-element-31727b2c\" data-id=\"31727b2c\" data-element_type=\"column\" data-settings=\"{&quot;background_background&quot;:&quot;classic&quot;}\">\n\t\t\t<div class=\"elementor-column-wrap elementor-element-populated\">\n\t\t\t\t\t<div class=\"elementor-background-overlay\"><\/div>\n\t\t\t\t\t\t\t<div class=\"elementor-widget-wrap\">\n\t\t\t\t\t\t<section class=\"elementor-section elementor-inner-section elementor-element elementor-element-6efd6b24 elementor-section-boxed elementor-section-height-default elementor-section-height-default\" data-id=\"6efd6b24\" data-element_type=\"section\">\n\t\t\t\t\t\t<div class=\"elementor-container elementor-column-gap-default\">\n\t\t\t\t\t\t\t<div class=\"elementor-row\">\n\t\t\t\t\t<div class=\"elementor-column elementor-col-100 elementor-inner-column elementor-element elementor-element-2897a3f8\" data-id=\"2897a3f8\" data-element_type=\"column\">\n\t\t\t<div class=\"elementor-column-wrap elementor-element-populated\">\n\t\t\t\t\t\t\t<div class=\"elementor-widget-wrap\">\n\t\t\t\t\t\t<div class=\"elementor-element elementor-element-65a77af5 elementor-widget elementor-widget-heading\" data-id=\"65a77af5\" data-element_type=\"widget\" data-widget_type=\"heading.default\">\n\t\t\t\t<div class=\"elementor-widget-container\">\n\t\t\t<h2 class=\"elementor-heading-title elementor-size-default\">SODELUJ Z NAMI<\/h2>\t\t<\/div>\n\t\t\t\t<\/div>\n\t\t\t\t<div class=\"elementor-element elementor-element-d24bd85 elementor-widget elementor-widget-text-editor\" data-id=\"d24bd85\" data-element_type=\"widget\" data-widget_type=\"text-editor.default\">\n\t\t\t\t<div class=\"elementor-widget-container\">\n\t\t\t\t\t\t\t\t<div class=\"elementor-text-editor elementor-clearfix\">\n\t\t\t\t\t<p>Sodelujemo le z izbranimi strankami, za katere mislimo, da imajo najve\u010dji potencial. Prosimo, da izpolnite spodnji obrazec na podlagi katerega bomo ugotovili ali lahko delamo skupaj.<\/p>\t\t\t\t\t<\/div>\n\t\t\t\t\t\t<\/div>\n\t\t\t\t<\/div>\n\t\t\t\t<div class=\"elementor-element elementor-element-15746971 elementor-button-align-stretch elementor-widget elementor-widget-form\" data-id=\"15746971\" data-element_type=\"widget\" data-settings=\"{&quot;step_next_label&quot;:&quot;Next&quot;,&quot;step_previous_label&quot;:&quot;Previous&quot;,&quot;button_width&quot;:&quot;100&quot;,&quot;step_type&quot;:&quot;number_text&quot;,&quot;step_icon_shape&quot;:&quot;circle&quot;}\" data-widget_type=\"form.default\">\n\t\t\t\t<div class=\"elementor-widget-container\">\n\t\t\t\t\t<form class=\"elementor-form\" method=\"post\" name=\"New Form\">\n\t\t\t<input type=\"hidden\" name=\"post_id\" value=\"452\"\/>\n\t\t\t<input type=\"hidden\" name=\"form_id\" value=\"15746971\"\/>\n\t\t\t<input type=\"hidden\" name=\"referer_title\" value=\"\" \/>\n\n\t\t\t\n\t\t\t<div class=\"elementor-form-fields-wrapper elementor-labels-\">\n\t\t\t\t\t\t\t\t<div class=\"elementor-field-type-email elementor-field-group elementor-column elementor-field-group-email elementor-col-100 elementor-field-required\">\n\t\t\t\t\t<input size=\"1\" type=\"email\" name=\"form_fields[email]\" id=\"form-field-email\" class=\"elementor-field elementor-size-md  elementor-field-textual\" placeholder=\"Elektronski naslov\" required=\"required\" aria-required=\"true\">\t\t\t\t<\/div>\n\t\t\t\t\t\t\t\t<div class=\"elementor-field-type-text elementor-field-group elementor-column elementor-field-group-name elementor-col-100\">\n\t\t\t\t\t<input size=\"1\" type=\"text\" name=\"form_fields[name]\" id=\"form-field-name\" class=\"elementor-field elementor-size-md  elementor-field-textual\" placeholder=\"Ime podjetja\">\t\t\t\t<\/div>\n\t\t\t\t\t\t\t\t<div class=\"elementor-field-type-select elementor-field-group elementor-column elementor-field-group-field_d33605f elementor-col-100\">\n\t\t\t\t\t<label for=\"form-field-field_d33605f\" class=\"elementor-field-label elementor-screen-only\">Letni prihodek podjetja<\/label>\t\t<div class=\"elementor-field elementor-select-wrapper \">\n\t\t\t<select name=\"form_fields[field_d33605f]\" id=\"form-field-field_d33605f\" class=\"elementor-field-textual elementor-size-md\">\n\t\t\t\t<option value=\"Letni prihodek podjetja\">Letni prihodek podjetja<\/option><option value=\"\u20ac10.000 - \u20ac50.000\">\u20ac10.000 - \u20ac50.000<\/option><option value=\"\u20ac50.000 - \u20ac100.000\">\u20ac50.000 - \u20ac100.000<\/option><option value=\"\u20ac100.000 - \u20ac500.000\">\u20ac100.000 - \u20ac500.000<\/option><option value=\"\u20ac500.000 - \u20ac1.000.000\">\u20ac500.000 - \u20ac1.000.000<\/option><option value=\"Ve\u010d kot \u20ac1.000.000\">Ve\u010d kot \u20ac1.000.000<\/option>\t\t\t<\/select>\n\t\t<\/div>\n\t\t\t\t\t\t<\/div>\n\t\t\t\t\t\t\t\t<div class=\"elementor-field-type-select elementor-field-group elementor-column elementor-field-group-field_e4a922f elementor-col-100\">\n\t\t\t\t\t<label for=\"form-field-field_e4a922f\" class=\"elementor-field-label elementor-screen-only\">Koliko trenutno porabite za spletno ogla\u0161evanje na mesec?mpany revenue:<\/label>\t\t<div class=\"elementor-field elementor-select-wrapper \">\n\t\t\t<select name=\"form_fields[field_e4a922f]\" id=\"form-field-field_e4a922f\" class=\"elementor-field-textual elementor-size-md\">\n\t\t\t\t<option value=\"Koliko trenutno porabite za spletno ogla\u0161evanje na mesec?\">Koliko trenutno porabite za spletno ogla\u0161evanje na mesec?<\/option><option value=\"\u20ac10.000 - \u20ac50.000\">\u20ac10.000 - \u20ac50.000<\/option><option value=\"\u20ac50.000 - \u20ac100.000\">\u20ac50.000 - \u20ac100.000<\/option><option value=\"\u20ac100.000 - \u20ac500.000\">\u20ac100.000 - \u20ac500.000<\/option><option value=\"\u20ac500.000 - \u20ac1.000.000\">\u20ac500.000 - \u20ac1.000.000<\/option><option value=\"Ve\u010d kot \u20ac1.000.000\">Ve\u010d kot \u20ac1.000.000<\/option>\t\t\t<\/select>\n\t\t<\/div>\n\t\t\t\t\t\t<\/div>\n\t\t\t\t\t\t\t\t<div class=\"elementor-field-type-select elementor-field-group elementor-column elementor-field-group-field_a75b7d1 elementor-col-100\">\n\t\t\t\t\t<label for=\"form-field-field_a75b7d1\" class=\"elementor-field-label elementor-screen-only\">\u0160tevilo zaposlenih na podro\u010dju e-poslovanja?ual company revenue:<\/label>\t\t<div class=\"elementor-field elementor-select-wrapper \">\n\t\t\t<select name=\"form_fields[field_a75b7d1]\" id=\"form-field-field_a75b7d1\" class=\"elementor-field-textual elementor-size-md\">\n\t\t\t\t<option value=\"\u0160tevilo zaposlenih na podro\u010dju e-poslovanja?\">\u0160tevilo zaposlenih na podro\u010dju e-poslovanja?<\/option><option value=\"Manj kot 10\">Manj kot 10<\/option><option value=\"10 - 30\">10 - 30<\/option><option value=\"30 - 50\">30 - 50<\/option><option value=\"50 - 100\">50 - 100<\/option><option value=\"Ve\u010d kot 100\">Ve\u010d kot 100<\/option>\t\t\t<\/select>\n\t\t<\/div>\n\t\t\t\t\t\t<\/div>\n\t\t\t\t\t\t\t\t<div class=\"elementor-field-type-textarea elementor-field-group elementor-column elementor-field-group-message elementor-col-100\">\n\t\t\t\t\t<textarea class=\"elementor-field-textual elementor-field  elementor-size-md\" name=\"form_fields[message]\" id=\"form-field-message\" rows=\"4\" placeholder=\"Prosim opi\u0161ite nam va\u0161e izzive in cilje na podro\u010dju ecommerca\"><\/textarea>\t\t\t\t<\/div>\n\t\t\t\t\t\t\t\t<div class=\"elementor-field-group elementor-column elementor-field-type-submit elementor-col-100 e-form__buttons\">\n\t\t\t\t\t<button type=\"submit\" class=\"elementor-button elementor-size-sm\">\n\t\t\t\t\t\t<span >\n\t\t\t\t\t\t\t\t\t\t\t\t\t\t\t<span class=\" elementor-button-icon\">\n\t\t\t\t\t\t\t\t\t\t\t\t\t\t\t\t\t\t\t\t\t\t\t\t\t\t<\/span>\n\t\t\t\t\t\t\t\t\t\t\t\t\t\t\t\t\t\t\t\t\t\t<span class=\"elementor-button-text\">Po\u0161lji<\/span>\n\t\t\t\t\t\t\t\t\t\t\t\t\t<\/span>\n\t\t\t\t\t<\/button>\n\t\t\t\t<\/div>\n\t\t\t<\/div>\n\t\t<\/form>\n\t\t\t\t<\/div>\n\t\t\t\t<\/div>\n\t\t\t\t\t\t<\/div>\n\t\t\t\t\t<\/div>\n\t\t<\/div>\n\t\t\t\t\t\t\t\t<\/div>\n\t\t\t\t\t<\/div>\n\t\t<\/section>\n\t\t\t\t\t\t<\/div>\n\t\t\t\t\t<\/div>\n\t\t<\/div>\n\t\t\t\t\t\t\t\t<\/div>\n\t\t\t\t\t<\/div>\n\t\t<\/section>\n\t\t\t\t\t\t<\/div>\n\t\t\t\t\t\t<\/div>\n\t\t\t\t\t<\/div>\n\t\t","protected":false},"excerpt":{"rendered":"<p>Strokovni pristop Pomagali vam bomo dose\u010di cilje, ki nekaj veljajo. Nismo vsemogo\u010dni ampak vam bomo pomagali zmagati tam, kjer je to najbolj pomembno za vas in va\u0161e podjetje. Strategija Najbolj\u0161i poslovni modeli, ki bodo va\u0161e obstoje\u010de poslovanje pripeljali na splet, dosegli izjemno rast in postali vodilni na trgu, Konkuren\u010dne strategije, ki vam bodo pomagale zmagati [&hellip;]<\/p>\n","protected":false},"author":2,"featured_media":0,"parent":0,"menu_order":0,"comment_status":"closed","ping_status":"closed","template":"","meta":[],"_links":{"self":[{"href":"https:\/\/guericom.com\/sl\/wp-json\/wp\/v2\/pages\/452"}],"collection":[{"href":"https:\/\/guericom.com\/sl\/wp-json\/wp\/v2\/pages"}],"about":[{"href":"https:\/\/guericom.com\/sl\/wp-json\/wp\/v2\/types\/page"}],"author":[{"embeddable":true,"href":"https:\/\/guericom.com\/sl\/wp-json\/wp\/v2\/users\/2"}],"replies":[{"embeddable":true,"href":"https:\/\/guericom.com\/sl\/wp-json\/wp\/v2\/comments?post=452"}],"version-history":[{"count":27,"href":"https:\/\/guericom.com\/sl\/wp-json\/wp\/v2\/pages\/452\/revisions"}],"predecessor-version":[{"id":519,"href":"https:\/\/guericom.com\/sl\/wp-json\/wp\/v2\/pages\/452\/revisions\/519"}],"wp:attachment":[{"href":"https:\/\/guericom.com\/sl\/wp-json\/wp\/v2\/media?parent=452"}],"curies":[{"name":"wp","href":"https:\/\/api.w.org\/{rel}","templated":true}]}}