{"id":394,"date":"2021-05-27T04:40:47","date_gmt":"2021-05-27T04:40:47","guid":{"rendered":"https:\/\/guericom.com\/?page_id=394"},"modified":"2021-06-02T05:34:24","modified_gmt":"2021-06-02T05:34:24","slug":"storitve","status":"publish","type":"page","link":"https:\/\/guericom.com\/sl\/storitve\/","title":{"rendered":"Storitve"},"content":{"rendered":"\t\t<div data-elementor-type=\"wp-page\" data-elementor-id=\"394\" class=\"elementor elementor-394\" data-elementor-settings=\"[]\">\n\t\t\t\t\t\t<div class=\"elementor-inner\">\n\t\t\t\t\t\t\t<div class=\"elementor-section-wrap\">\n\t\t\t\t\t\t\t<section class=\"elementor-section elementor-top-section elementor-element elementor-element-e38453f elementor-section-stretched elementor-section-boxed elementor-section-height-default elementor-section-height-default\" data-id=\"e38453f\" data-element_type=\"section\" data-settings=\"{&quot;background_background&quot;:&quot;classic&quot;,&quot;stretch_section&quot;:&quot;section-stretched&quot;,&quot;shape_divider_bottom&quot;:&quot;triangle&quot;,&quot;shape_divider_bottom_negative&quot;:&quot;yes&quot;}\">\n\t\t\t\t\t\t\t<div class=\"elementor-background-overlay\"><\/div>\n\t\t\t\t\t\t<div class=\"elementor-shape elementor-shape-bottom\" data-negative=\"true\">\n\t\t\t<svg xmlns=\"http:\/\/www.w3.org\/2000\/svg\" viewBox=\"0 0 1000 100\" preserveAspectRatio=\"none\">\n\t<path class=\"elementor-shape-fill\" d=\"M500.2,94.7L0,0v100h1000V0L500.2,94.7z\"\/>\n<\/svg>\t\t<\/div>\n\t\t\t\t\t<div class=\"elementor-container elementor-column-gap-default\">\n\t\t\t\t\t\t\t<div class=\"elementor-row\">\n\t\t\t\t\t<div class=\"elementor-column elementor-col-100 elementor-top-column elementor-element elementor-element-69071f69\" data-id=\"69071f69\" data-element_type=\"column\">\n\t\t\t<div class=\"elementor-column-wrap elementor-element-populated\">\n\t\t\t\t\t\t\t<div class=\"elementor-widget-wrap\">\n\t\t\t\t\t\t<div class=\"elementor-element elementor-element-1bfe7ae3 elementor-widget elementor-widget-heading\" data-id=\"1bfe7ae3\" data-element_type=\"widget\" data-widget_type=\"heading.default\">\n\t\t\t\t<div class=\"elementor-widget-container\">\n\t\t\t<h2 class=\"elementor-heading-title elementor-size-default\">Storitve<\/h2>\t\t<\/div>\n\t\t\t\t<\/div>\n\t\t\t\t<div class=\"elementor-element elementor-element-4f0e1243 elementor-widget-divider--view-line elementor-widget elementor-widget-divider\" data-id=\"4f0e1243\" data-element_type=\"widget\" data-widget_type=\"divider.default\">\n\t\t\t\t<div class=\"elementor-widget-container\">\n\t\t\t\t\t<div class=\"elementor-divider\">\n\t\t\t<span class=\"elementor-divider-separator\">\n\t\t\t\t\t\t<\/span>\n\t\t<\/div>\n\t\t\t\t<\/div>\n\t\t\t\t<\/div>\n\t\t\t\t\t\t<\/div>\n\t\t\t\t\t<\/div>\n\t\t<\/div>\n\t\t\t\t\t\t\t\t<\/div>\n\t\t\t\t\t<\/div>\n\t\t<\/section>\n\t\t\t\t<section class=\"elementor-section elementor-top-section elementor-element elementor-element-551a811c elementor-section-boxed elementor-section-height-default elementor-section-height-default\" data-id=\"551a811c\" data-element_type=\"section\" data-settings=\"{&quot;background_background&quot;:&quot;classic&quot;}\">\n\t\t\t\t\t\t<div class=\"elementor-container elementor-column-gap-default\">\n\t\t\t\t\t\t\t<div class=\"elementor-row\">\n\t\t\t\t\t<div class=\"elementor-column elementor-col-100 elementor-top-column elementor-element elementor-element-71c55a67\" data-id=\"71c55a67\" data-element_type=\"column\" data-settings=\"{&quot;background_background&quot;:&quot;classic&quot;}\">\n\t\t\t<div class=\"elementor-column-wrap elementor-element-populated\">\n\t\t\t\t\t\t\t<div class=\"elementor-widget-wrap\">\n\t\t\t\t\t\t<div class=\"elementor-element elementor-element-4ab5201 elementor-widget elementor-widget-heading\" data-id=\"4ab5201\" data-element_type=\"widget\" data-widget_type=\"heading.default\">\n\t\t\t\t<div class=\"elementor-widget-container\">\n\t\t\t<h2 class=\"elementor-heading-title elementor-size-default\">Strate\u0161ko usmerjene storitve za razvoj in pomo\u010d pri gradnji ali rasti va\u0161ega e-commerca<\/h2>\t\t<\/div>\n\t\t\t\t<\/div>\n\t\t\t\t<div class=\"elementor-element elementor-element-73a16a5d elementor-widget elementor-widget-heading\" data-id=\"73a16a5d\" data-element_type=\"widget\" data-widget_type=\"heading.default\">\n\t\t\t\t<div class=\"elementor-widget-container\">\n\t\t\t<h3 class=\"elementor-heading-title elementor-size-default\">Na\u0161e stortive so oblikovane tako, da vam zagotavljajo najvi\u0161jo vrednost.<\/h3>\t\t<\/div>\n\t\t\t\t<\/div>\n\t\t\t\t<div class=\"elementor-element elementor-element-25e771ff elementor-widget elementor-widget-spacer\" data-id=\"25e771ff\" data-element_type=\"widget\" data-widget_type=\"spacer.default\">\n\t\t\t\t<div class=\"elementor-widget-container\">\n\t\t\t\t\t<div class=\"elementor-spacer\">\n\t\t\t<div class=\"elementor-spacer-inner\"><\/div>\n\t\t<\/div>\n\t\t\t\t<\/div>\n\t\t\t\t<\/div>\n\t\t\t\t<section class=\"elementor-section elementor-inner-section elementor-element elementor-element-74304255 elementor-section-boxed elementor-section-height-default elementor-section-height-default\" data-id=\"74304255\" data-element_type=\"section\">\n\t\t\t\t\t\t<div class=\"elementor-container elementor-column-gap-default\">\n\t\t\t\t\t\t\t<div class=\"elementor-row\">\n\t\t\t\t\t<div class=\"elementor-column elementor-col-50 elementor-inner-column elementor-element elementor-element-98294e7\" data-id=\"98294e7\" data-element_type=\"column\">\n\t\t\t<div class=\"elementor-column-wrap elementor-element-populated\">\n\t\t\t\t\t\t\t<div class=\"elementor-widget-wrap\">\n\t\t\t\t\t\t<div class=\"elementor-element elementor-element-29a44fa1 elementor-position-top elementor-vertical-align-top elementor-widget elementor-widget-image-box\" data-id=\"29a44fa1\" data-element_type=\"widget\" data-widget_type=\"image-box.default\">\n\t\t\t\t<div class=\"elementor-widget-container\">\n\t\t\t<div class=\"elementor-image-box-wrapper\"><figure class=\"elementor-image-box-img\"><img src=\"https:\/\/guericom.com\/wp-content\/uploads\/elementor\/thumbs\/1-2-ouhycc1oq1cz1mh8riorugzd6gdye2tqn9hklmbj7k.png\" title=\"1 (2)\" alt=\"1 (2)\" \/><\/figure><div class=\"elementor-image-box-content\"><h3 class=\"elementor-image-box-title\">Svetovanje<\/h3><p class=\"elementor-image-box-description\">Vam in va\u0161i ekipi bomo svetovali in vam pomagali poiskati najbolj\u0161o re\u0161itev za va\u0161 model e-commerca. Pri nas to niso le besede, temve\u010d gre za prave re\u0161itve, ki jih boste lahko takoj uporabili v praksi in vzporedno s tem pove\u010dali rast prihodkov.<\/p><\/div><\/div>\t\t<\/div>\n\t\t\t\t<\/div>\n\t\t\t\t\t\t<\/div>\n\t\t\t\t\t<\/div>\n\t\t<\/div>\n\t\t\t\t<div class=\"elementor-column elementor-col-50 elementor-inner-column elementor-element elementor-element-249c4849\" data-id=\"249c4849\" data-element_type=\"column\">\n\t\t\t<div class=\"elementor-column-wrap elementor-element-populated\">\n\t\t\t\t\t\t\t<div class=\"elementor-widget-wrap\">\n\t\t\t\t\t\t<div class=\"elementor-element elementor-element-cf4a865 elementor-position-top elementor-vertical-align-top elementor-widget elementor-widget-image-box\" data-id=\"cf4a865\" data-element_type=\"widget\" data-widget_type=\"image-box.default\">\n\t\t\t\t<div class=\"elementor-widget-container\">\n\t\t\t<div class=\"elementor-image-box-wrapper\"><figure class=\"elementor-image-box-img\"><img src=\"https:\/\/guericom.com\/wp-content\/uploads\/elementor\/thumbs\/10-2-ouhyca60cdaeeejz2hviphgfzon7yom9z06ln2ebk0.png\" title=\"10\" alt=\"10\" \/><\/figure><div class=\"elementor-image-box-content\"><h3 class=\"elementor-image-box-title\">Razvoj<\/h3><p class=\"elementor-image-box-description\">Poleg svetovanja se vklju\u010dimo tudi v razvoj visoko potencialnih podjetij na podro\u010dju e-commerca, vklju\u010dno z vlaganjem v njih. \n<\/p><\/div><\/div>\t\t<\/div>\n\t\t\t\t<\/div>\n\t\t\t\t\t\t<\/div>\n\t\t\t\t\t<\/div>\n\t\t<\/div>\n\t\t\t\t\t\t\t\t<\/div>\n\t\t\t\t\t<\/div>\n\t\t<\/section>\n\t\t\t\t<section class=\"elementor-section elementor-inner-section elementor-element elementor-element-f169a52 elementor-section-boxed elementor-section-height-default elementor-section-height-default\" data-id=\"f169a52\" data-element_type=\"section\">\n\t\t\t\t\t\t<div class=\"elementor-container elementor-column-gap-default\">\n\t\t\t\t\t\t\t<div class=\"elementor-row\">\n\t\t\t\t\t<div class=\"elementor-column elementor-col-50 elementor-inner-column elementor-element elementor-element-6f53069\" data-id=\"6f53069\" data-element_type=\"column\">\n\t\t\t<div class=\"elementor-column-wrap elementor-element-populated\">\n\t\t\t\t\t\t\t<div class=\"elementor-widget-wrap\">\n\t\t\t\t\t\t<div class=\"elementor-element elementor-element-de1f608 elementor-position-top elementor-vertical-align-top elementor-widget elementor-widget-image-box\" data-id=\"de1f608\" data-element_type=\"widget\" data-widget_type=\"image-box.default\">\n\t\t\t\t<div class=\"elementor-widget-container\">\n\t\t\t<div class=\"elementor-image-box-wrapper\"><figure class=\"elementor-image-box-img\"><img src=\"https:\/\/guericom.com\/wp-content\/uploads\/elementor\/thumbs\/strategy-ouhyhrk47ksm4il91v7693n8qlmav4dwq56kf69n9c.png\" title=\"strategy\" alt=\"strategy\" \/><\/figure><div class=\"elementor-image-box-content\"><h3 class=\"elementor-image-box-title\">Usposabljanje<\/h3><p class=\"elementor-image-box-description\">Vodimo usposabljanja ena na ena za va\u0161e mend\u017eerje ali kar celotno interno ekipo. To vklju\u010duje neposredno metorstvo va\u0161ih najbolj dragocenih zaposlenih, ki menijo, da imajo potencial, da va\u0161e podjetje popeljejo na naslednjo raven. <\/p><\/div><\/div>\t\t<\/div>\n\t\t\t\t<\/div>\n\t\t\t\t\t\t<\/div>\n\t\t\t\t\t<\/div>\n\t\t<\/div>\n\t\t\t\t<div class=\"elementor-column elementor-col-50 elementor-inner-column elementor-element elementor-element-0ebf077\" data-id=\"0ebf077\" data-element_type=\"column\">\n\t\t\t<div class=\"elementor-column-wrap elementor-element-populated\">\n\t\t\t\t\t\t\t<div class=\"elementor-widget-wrap\">\n\t\t\t\t\t\t<div class=\"elementor-element elementor-element-15a8f18 elementor-position-top elementor-vertical-align-top elementor-widget elementor-widget-image-box\" data-id=\"15a8f18\" data-element_type=\"widget\" data-widget_type=\"image-box.default\">\n\t\t\t\t<div class=\"elementor-widget-container\">\n\t\t\t<div class=\"elementor-image-box-wrapper\"><figure class=\"elementor-image-box-img\"><img src=\"https:\/\/guericom.com\/wp-content\/uploads\/elementor\/thumbs\/team-management-ouhylbe611nlzhfkbegfo7dxj047xyhejpwlot03r4.png\" title=\"team-management\" alt=\"team-management\" \/><\/figure><div class=\"elementor-image-box-content\"><h3 class=\"elementor-image-box-title\">Zaposlovanje<\/h3><p class=\"elementor-image-box-description\">Poznamo najbolj\u0161e ljudi v industriji in pomagali vam bomo z njimi vzpostaviti kontakt in jih pritegniti k va\u0161emu projektu.<\/p><\/div><\/div>\t\t<\/div>\n\t\t\t\t<\/div>\n\t\t\t\t\t\t<\/div>\n\t\t\t\t\t<\/div>\n\t\t<\/div>\n\t\t\t\t\t\t\t\t<\/div>\n\t\t\t\t\t<\/div>\n\t\t<\/section>\n\t\t\t\t\t\t<\/div>\n\t\t\t\t\t<\/div>\n\t\t<\/div>\n\t\t\t\t\t\t\t\t<\/div>\n\t\t\t\t\t<\/div>\n\t\t<\/section>\n\t\t\t\t<section class=\"elementor-section elementor-top-section elementor-element elementor-element-6138e9ee elementor-section-stretched elementor-section-boxed elementor-section-height-default elementor-section-height-default\" data-id=\"6138e9ee\" data-element_type=\"section\" data-settings=\"{&quot;stretch_section&quot;:&quot;section-stretched&quot;}\">\n\t\t\t\t\t\t<div class=\"elementor-container elementor-column-gap-default\">\n\t\t\t\t\t\t\t<div class=\"elementor-row\">\n\t\t\t\t\t<div class=\"elementor-column elementor-col-100 elementor-top-column elementor-element elementor-element-31727b2c\" data-id=\"31727b2c\" data-element_type=\"column\" data-settings=\"{&quot;background_background&quot;:&quot;classic&quot;}\">\n\t\t\t<div class=\"elementor-column-wrap elementor-element-populated\">\n\t\t\t\t\t<div class=\"elementor-background-overlay\"><\/div>\n\t\t\t\t\t\t\t<div class=\"elementor-widget-wrap\">\n\t\t\t\t\t\t<section class=\"elementor-section elementor-inner-section elementor-element elementor-element-6efd6b24 elementor-section-boxed elementor-section-height-default elementor-section-height-default\" data-id=\"6efd6b24\" data-element_type=\"section\">\n\t\t\t\t\t\t<div class=\"elementor-container elementor-column-gap-default\">\n\t\t\t\t\t\t\t<div class=\"elementor-row\">\n\t\t\t\t\t<div class=\"elementor-column elementor-col-100 elementor-inner-column elementor-element elementor-element-2897a3f8\" data-id=\"2897a3f8\" data-element_type=\"column\">\n\t\t\t<div class=\"elementor-column-wrap elementor-element-populated\">\n\t\t\t\t\t\t\t<div class=\"elementor-widget-wrap\">\n\t\t\t\t\t\t<div class=\"elementor-element elementor-element-65a77af5 elementor-widget elementor-widget-heading\" data-id=\"65a77af5\" data-element_type=\"widget\" data-widget_type=\"heading.default\">\n\t\t\t\t<div class=\"elementor-widget-container\">\n\t\t\t<h2 class=\"elementor-heading-title elementor-size-default\">SODELUJ Z NAMI<\/h2>\t\t<\/div>\n\t\t\t\t<\/div>\n\t\t\t\t<div class=\"elementor-element elementor-element-bff57a0 elementor-widget elementor-widget-text-editor\" data-id=\"bff57a0\" data-element_type=\"widget\" data-widget_type=\"text-editor.default\">\n\t\t\t\t<div class=\"elementor-widget-container\">\n\t\t\t\t\t\t\t\t<div class=\"elementor-text-editor elementor-clearfix\">\n\t\t\t\t\t<p>Sodelujemo le z izbranimi strankami, za katere mislimo, da imajo najve\u010dji potencial. Prosimo, da izpolnite spodnji obrazec na podlagi katerega bomo ugotovili ali lahko delamo skupaj.<\/p>\t\t\t\t\t<\/div>\n\t\t\t\t\t\t<\/div>\n\t\t\t\t<\/div>\n\t\t\t\t<div class=\"elementor-element elementor-element-15746971 elementor-button-align-stretch elementor-widget elementor-widget-form\" data-id=\"15746971\" data-element_type=\"widget\" data-settings=\"{&quot;step_next_label&quot;:&quot;Next&quot;,&quot;step_previous_label&quot;:&quot;Previous&quot;,&quot;button_width&quot;:&quot;100&quot;,&quot;step_type&quot;:&quot;number_text&quot;,&quot;step_icon_shape&quot;:&quot;circle&quot;}\" data-widget_type=\"form.default\">\n\t\t\t\t<div class=\"elementor-widget-container\">\n\t\t\t\t\t<form class=\"elementor-form\" method=\"post\" name=\"New Form\">\n\t\t\t<input type=\"hidden\" name=\"post_id\" value=\"394\"\/>\n\t\t\t<input type=\"hidden\" name=\"form_id\" value=\"15746971\"\/>\n\t\t\t<input type=\"hidden\" name=\"referer_title\" value=\"\" \/>\n\n\t\t\t\n\t\t\t<div class=\"elementor-form-fields-wrapper elementor-labels-\">\n\t\t\t\t\t\t\t\t<div class=\"elementor-field-type-email elementor-field-group elementor-column elementor-field-group-email elementor-col-100 elementor-field-required\">\n\t\t\t\t\t<input size=\"1\" type=\"email\" name=\"form_fields[email]\" id=\"form-field-email\" class=\"elementor-field elementor-size-md  elementor-field-textual\" placeholder=\"Elektronski naslov\" required=\"required\" aria-required=\"true\">\t\t\t\t<\/div>\n\t\t\t\t\t\t\t\t<div class=\"elementor-field-type-text elementor-field-group elementor-column elementor-field-group-name elementor-col-100\">\n\t\t\t\t\t<input size=\"1\" type=\"text\" name=\"form_fields[name]\" id=\"form-field-name\" class=\"elementor-field elementor-size-md  elementor-field-textual\" placeholder=\"Ime podjetja\">\t\t\t\t<\/div>\n\t\t\t\t\t\t\t\t<div class=\"elementor-field-type-select elementor-field-group elementor-column elementor-field-group-field_d33605f elementor-col-100\">\n\t\t\t\t\t<label for=\"form-field-field_d33605f\" class=\"elementor-field-label elementor-screen-only\">Letni prihodek podjetja<\/label>\t\t<div class=\"elementor-field elementor-select-wrapper \">\n\t\t\t<select name=\"form_fields[field_d33605f]\" id=\"form-field-field_d33605f\" class=\"elementor-field-textual elementor-size-md\">\n\t\t\t\t<option value=\"Letni prihodek podjetja\">Letni prihodek podjetja<\/option><option value=\"\u20ac10.000 - \u20ac50.000\">\u20ac10.000 - \u20ac50.000<\/option><option value=\"\u20ac50.000 - \u20ac100.000\">\u20ac50.000 - \u20ac100.000<\/option><option value=\"\u20ac100.000 - \u20ac500.000\">\u20ac100.000 - \u20ac500.000<\/option><option value=\"\u20ac500.000 - \u20ac1.000.000\">\u20ac500.000 - \u20ac1.000.000<\/option><option value=\"Ve\u010d kot \u20ac1.000.000\">Ve\u010d kot \u20ac1.000.000<\/option>\t\t\t<\/select>\n\t\t<\/div>\n\t\t\t\t\t\t<\/div>\n\t\t\t\t\t\t\t\t<div class=\"elementor-field-type-select elementor-field-group elementor-column elementor-field-group-field_e4a922f elementor-col-100\">\n\t\t\t\t\t<label for=\"form-field-field_e4a922f\" class=\"elementor-field-label elementor-screen-only\">Koliko trenutno porabite za spletno ogla\u0161evanje na mesec?<\/label>\t\t<div class=\"elementor-field elementor-select-wrapper \">\n\t\t\t<select name=\"form_fields[field_e4a922f]\" id=\"form-field-field_e4a922f\" class=\"elementor-field-textual elementor-size-md\">\n\t\t\t\t<option value=\"Koliko trenutno porabite za spletno ogla\u0161evanje na mesec?\">Koliko trenutno porabite za spletno ogla\u0161evanje na mesec?<\/option><option value=\"\u20ac10.000 - \u20ac50.000\">\u20ac10.000 - \u20ac50.000<\/option><option value=\"\u20ac50.000 - \u20ac100.000\">\u20ac50.000 - \u20ac100.000<\/option><option value=\"\u20ac100.000 - \u20ac500.000\">\u20ac100.000 - \u20ac500.000<\/option><option value=\"\u20ac500.000 - \u20ac1.000.000\">\u20ac500.000 - \u20ac1.000.000<\/option><option value=\"Ve\u010d kot \u20ac1.000.000\">Ve\u010d kot \u20ac1.000.000<\/option>\t\t\t<\/select>\n\t\t<\/div>\n\t\t\t\t\t\t<\/div>\n\t\t\t\t\t\t\t\t<div class=\"elementor-field-type-select elementor-field-group elementor-column elementor-field-group-field_a75b7d1 elementor-col-100\">\n\t\t\t\t\t<label for=\"form-field-field_a75b7d1\" class=\"elementor-field-label elementor-screen-only\">\u0160tevilo zaposlenih na podro\u010dju e-poslovanja?<\/label>\t\t<div class=\"elementor-field elementor-select-wrapper \">\n\t\t\t<select name=\"form_fields[field_a75b7d1]\" id=\"form-field-field_a75b7d1\" class=\"elementor-field-textual elementor-size-md\">\n\t\t\t\t<option value=\"\u0160tevilo zaposlenih na podro\u010dju e-poslovanja?\">\u0160tevilo zaposlenih na podro\u010dju e-poslovanja?<\/option><option value=\"Manj kot 10\">Manj kot 10<\/option><option value=\"10 - 30\">10 - 30<\/option><option value=\"30 - 50\">30 - 50<\/option><option value=\"50 - 100\">50 - 100<\/option><option value=\"Ve\u010d kot 100\">Ve\u010d kot 100<\/option>\t\t\t<\/select>\n\t\t<\/div>\n\t\t\t\t\t\t<\/div>\n\t\t\t\t\t\t\t\t<div class=\"elementor-field-type-textarea elementor-field-group elementor-column elementor-field-group-message elementor-col-100\">\n\t\t\t\t\t<textarea class=\"elementor-field-textual elementor-field  elementor-size-md\" name=\"form_fields[message]\" id=\"form-field-message\" rows=\"4\" placeholder=\"Prosim opi\u0161ite nam va\u0161e izzive in cilje na podro\u010dju e-poslovanja\"><\/textarea>\t\t\t\t<\/div>\n\t\t\t\t\t\t\t\t<div class=\"elementor-field-group elementor-column elementor-field-type-submit elementor-col-100 e-form__buttons\">\n\t\t\t\t\t<button type=\"submit\" class=\"elementor-button elementor-size-sm\">\n\t\t\t\t\t\t<span >\n\t\t\t\t\t\t\t\t\t\t\t\t\t\t\t<span class=\" elementor-button-icon\">\n\t\t\t\t\t\t\t\t\t\t\t\t\t\t\t\t\t\t\t\t\t\t\t\t\t\t<\/span>\n\t\t\t\t\t\t\t\t\t\t\t\t\t\t\t\t\t\t\t\t\t\t<span class=\"elementor-button-text\">Po\u0161lji<\/span>\n\t\t\t\t\t\t\t\t\t\t\t\t\t<\/span>\n\t\t\t\t\t<\/button>\n\t\t\t\t<\/div>\n\t\t\t<\/div>\n\t\t<\/form>\n\t\t\t\t<\/div>\n\t\t\t\t<\/div>\n\t\t\t\t\t\t<\/div>\n\t\t\t\t\t<\/div>\n\t\t<\/div>\n\t\t\t\t\t\t\t\t<\/div>\n\t\t\t\t\t<\/div>\n\t\t<\/section>\n\t\t\t\t\t\t<\/div>\n\t\t\t\t\t<\/div>\n\t\t<\/div>\n\t\t\t\t\t\t\t\t<\/div>\n\t\t\t\t\t<\/div>\n\t\t<\/section>\n\t\t\t\t\t\t<\/div>\n\t\t\t\t\t\t<\/div>\n\t\t\t\t\t<\/div>\n\t\t","protected":false},"excerpt":{"rendered":"<p>Storitve Strate\u0161ko usmerjene storitve za razvoj in pomo\u010d pri gradnji ali rasti va\u0161ega e-commerca Na\u0161e stortive so oblikovane tako, da vam zagotavljajo najvi\u0161jo vrednost. Svetovanje Vam in va\u0161i ekipi bomo svetovali in vam pomagali poiskati najbolj\u0161o re\u0161itev za va\u0161 model e-commerca. Pri nas to niso le besede, temve\u010d gre za prave re\u0161itve, ki jih boste [&hellip;]<\/p>\n","protected":false},"author":2,"featured_media":0,"parent":0,"menu_order":0,"comment_status":"closed","ping_status":"closed","template":"","meta":[],"_links":{"self":[{"href":"https:\/\/guericom.com\/sl\/wp-json\/wp\/v2\/pages\/394"}],"collection":[{"href":"https:\/\/guericom.com\/sl\/wp-json\/wp\/v2\/pages"}],"about":[{"href":"https:\/\/guericom.com\/sl\/wp-json\/wp\/v2\/types\/page"}],"author":[{"embeddable":true,"href":"https:\/\/guericom.com\/sl\/wp-json\/wp\/v2\/users\/2"}],"replies":[{"embeddable":true,"href":"https:\/\/guericom.com\/sl\/wp-json\/wp\/v2\/comments?post=394"}],"version-history":[{"count":23,"href":"https:\/\/guericom.com\/sl\/wp-json\/wp\/v2\/pages\/394\/revisions"}],"predecessor-version":[{"id":521,"href":"https:\/\/guericom.com\/sl\/wp-json\/wp\/v2\/pages\/394\/revisions\/521"}],"wp:attachment":[{"href":"https:\/\/guericom.com\/sl\/wp-json\/wp\/v2\/media?parent=394"}],"curies":[{"name":"wp","href":"https:\/\/api.w.org\/{rel}","templated":true}]}}